{"id":948,"date":"2022-10-18T16:23:20","date_gmt":"2022-10-18T19:23:20","guid":{"rendered":"https:\/\/grupoz9.com.br\/site\/?page_id=948"},"modified":"2025-08-01T09:19:40","modified_gmt":"2025-08-01T12:19:40","slug":"in-company-assedio","status":"publish","type":"page","link":"https:\/\/grupoz9.com.br\/site\/in-company-assedio\/","title":{"rendered":"In Company Ass\u00e9dio"},"content":{"rendered":"<p>Quer essa apresenta\u00e7\u00e3o em PDF? Acesse aqui&nbsp; <a class=\"fasc-button fasc-size-medium fasc-type-flat fasc-rounded-medium fasc-ico-before dashicons-format-aside fasc-style-bold\" style=\"background-color: #b51a31; color: #ffffff;\" target=\"_blank\" rel=\"noopener\" href=\"https:\/\/grupoz9.com.br\/mkt\/portfolio-assedio-2025.pdf\">Apresenta\u00e7\u00e3o PDF<\/a><\/p>\n<p><img loading=\"lazy\" decoding=\"async\" class=\"alignnone wp-image-1234 size-full\" src=\"http:\/\/grupoz9.com.br\/site\/wp-content\/uploads\/2023\/05\/Portfolio-Assedio-2023_Page_01-X-800.jpg\" alt=\"\" width=\"800\" height=\"450\" srcset=\"https:\/\/grupoz9.com.br\/site\/wp-content\/uploads\/2023\/05\/Portfolio-Assedio-2023_Page_01-X-800.jpg 800w, https:\/\/grupoz9.com.br\/site\/wp-content\/uploads\/2023\/05\/Portfolio-Assedio-2023_Page_01-X-800-300x169.jpg 300w, https:\/\/grupoz9.com.br\/site\/wp-content\/uploads\/2023\/05\/Portfolio-Assedio-2023_Page_01-X-800-768x432.jpg 768w\" sizes=\"auto, (max-width: 800px) 100vw, 800px\" \/><\/p>\n<p><img loading=\"lazy\" decoding=\"async\" class=\"alignnone wp-image-1239 size-full\" src=\"http:\/\/grupoz9.com.br\/site\/wp-content\/uploads\/2023\/05\/Portfolio-Assedio-2023_Page_03-X-800.jpg\" alt=\"\" width=\"800\" height=\"450\" srcset=\"https:\/\/grupoz9.com.br\/site\/wp-content\/uploads\/2023\/05\/Portfolio-Assedio-2023_Page_03-X-800.jpg 800w, https:\/\/grupoz9.com.br\/site\/wp-content\/uploads\/2023\/05\/Portfolio-Assedio-2023_Page_03-X-800-300x169.jpg 300w, https:\/\/grupoz9.com.br\/site\/wp-content\/uploads\/2023\/05\/Portfolio-Assedio-2023_Page_03-X-800-768x432.jpg 768w\" sizes=\"auto, (max-width: 800px) 100vw, 800px\" \/><img loading=\"lazy\" decoding=\"async\" class=\"alignnone wp-image-1238 size-full\" src=\"http:\/\/grupoz9.com.br\/site\/wp-content\/uploads\/2023\/05\/Portfolio-Assedio-2023_Page_02-X-800.jpg\" alt=\"\" width=\"800\" height=\"450\" srcset=\"https:\/\/grupoz9.com.br\/site\/wp-content\/uploads\/2023\/05\/Portfolio-Assedio-2023_Page_02-X-800.jpg 800w, https:\/\/grupoz9.com.br\/site\/wp-content\/uploads\/2023\/05\/Portfolio-Assedio-2023_Page_02-X-800-300x169.jpg 300w, https:\/\/grupoz9.com.br\/site\/wp-content\/uploads\/2023\/05\/Portfolio-Assedio-2023_Page_02-X-800-768x432.jpg 768w\" sizes=\"auto, (max-width: 800px) 100vw, 800px\" \/><\/p>\n<p><img loading=\"lazy\" decoding=\"async\" class=\"alignnone wp-image-2045 size-full\" src=\"http:\/\/grupoz9.com.br\/site\/wp-content\/uploads\/2025\/08\/Portfolio-Assedio-2025-V2.0_Pagina_04.jpg\" alt=\"\" width=\"800\" height=\"450\" srcset=\"https:\/\/grupoz9.com.br\/site\/wp-content\/uploads\/2025\/08\/Portfolio-Assedio-2025-V2.0_Pagina_04.jpg 800w, https:\/\/grupoz9.com.br\/site\/wp-content\/uploads\/2025\/08\/Portfolio-Assedio-2025-V2.0_Pagina_04-300x169.jpg 300w, https:\/\/grupoz9.com.br\/site\/wp-content\/uploads\/2025\/08\/Portfolio-Assedio-2025-V2.0_Pagina_04-768x432.jpg 768w\" sizes=\"auto, (max-width: 800px) 100vw, 800px\" \/><\/p>\n<p><img loading=\"lazy\" decoding=\"async\" class=\"alignnone wp-image-1241 size-full\" src=\"http:\/\/grupoz9.com.br\/site\/wp-content\/uploads\/2023\/05\/Portfolio-Assedio-2023_Page_05-X-800.jpg\" alt=\"\" width=\"800\" height=\"450\" srcset=\"https:\/\/grupoz9.com.br\/site\/wp-content\/uploads\/2023\/05\/Portfolio-Assedio-2023_Page_05-X-800.jpg 800w, https:\/\/grupoz9.com.br\/site\/wp-content\/uploads\/2023\/05\/Portfolio-Assedio-2023_Page_05-X-800-300x169.jpg 300w, https:\/\/grupoz9.com.br\/site\/wp-content\/uploads\/2023\/05\/Portfolio-Assedio-2023_Page_05-X-800-768x432.jpg 768w\" sizes=\"auto, (max-width: 800px) 100vw, 800px\" \/><\/p>\n<p><img loading=\"lazy\" decoding=\"async\" class=\"alignnone wp-image-1242 size-full\" src=\"http:\/\/grupoz9.com.br\/site\/wp-content\/uploads\/2023\/05\/Portfolio-Assedio-2023_Page_06-X-800.jpg\" alt=\"\" width=\"800\" height=\"450\" srcset=\"https:\/\/grupoz9.com.br\/site\/wp-content\/uploads\/2023\/05\/Portfolio-Assedio-2023_Page_06-X-800.jpg 800w, https:\/\/grupoz9.com.br\/site\/wp-content\/uploads\/2023\/05\/Portfolio-Assedio-2023_Page_06-X-800-300x169.jpg 300w, https:\/\/grupoz9.com.br\/site\/wp-content\/uploads\/2023\/05\/Portfolio-Assedio-2023_Page_06-X-800-768x432.jpg 768w\" sizes=\"auto, (max-width: 800px) 100vw, 800px\" \/><\/p>\n<p><img loading=\"lazy\" decoding=\"async\" class=\"alignnone wp-image-1243 size-full\" src=\"http:\/\/grupoz9.com.br\/site\/wp-content\/uploads\/2023\/05\/Portfolio-Assedio-2023_Page_07-X-800.jpg\" alt=\"\" width=\"800\" height=\"450\" srcset=\"https:\/\/grupoz9.com.br\/site\/wp-content\/uploads\/2023\/05\/Portfolio-Assedio-2023_Page_07-X-800.jpg 800w, https:\/\/grupoz9.com.br\/site\/wp-content\/uploads\/2023\/05\/Portfolio-Assedio-2023_Page_07-X-800-300x169.jpg 300w, https:\/\/grupoz9.com.br\/site\/wp-content\/uploads\/2023\/05\/Portfolio-Assedio-2023_Page_07-X-800-768x432.jpg 768w\" sizes=\"auto, (max-width: 800px) 100vw, 800px\" \/><\/p>\n<p><img loading=\"lazy\" decoding=\"async\" class=\"alignnone wp-image-1244 size-full\" src=\"http:\/\/grupoz9.com.br\/site\/wp-content\/uploads\/2023\/05\/Portfolio-Assedio-2023_Page_08-X-800.jpg\" alt=\"\" width=\"800\" height=\"450\" srcset=\"https:\/\/grupoz9.com.br\/site\/wp-content\/uploads\/2023\/05\/Portfolio-Assedio-2023_Page_08-X-800.jpg 800w, https:\/\/grupoz9.com.br\/site\/wp-content\/uploads\/2023\/05\/Portfolio-Assedio-2023_Page_08-X-800-300x169.jpg 300w, https:\/\/grupoz9.com.br\/site\/wp-content\/uploads\/2023\/05\/Portfolio-Assedio-2023_Page_08-X-800-768x432.jpg 768w\" sizes=\"auto, (max-width: 800px) 100vw, 800px\" \/><\/p>\n<p>Quer essa apresenta\u00e7\u00e3o em PDF? Acesse aqui&nbsp; <a class=\"fasc-button fasc-size-medium fasc-type-flat fasc-rounded-medium fasc-ico-before dashicons-format-aside fasc-style-bold\" style=\"background-color: #d11742; color: #ffffff;\" target=\"_blank\" href=\"https:\/\/grupoz9.com.br\/mkt\/portfolio-assedio-2025.pdf\">Apresenta\u00e7\u00e3o PDF<\/a><\/p>\n<p>As Palestras tem&nbsp;<strong>02h00min<\/strong> de dura\u00e7\u00e3o, e podem ser realizadas no formato presencial ou <strong>EAD 100% AO VIVO.<\/strong><\/p>\n<p>Estes Cursos s\u00e3o estruturados, em parceria com as Institui\u00e7\u00f5es P\u00fablicas e Empresas Privadas, de acordo com a necessidade, disponibilidade de recursos log\u00edsticos e de o n\u00famero de participantes de cada Institui\u00e7\u00e3o. Executado por profissionais especializados, com larga experi\u00eancia, visando o melhor atendimento e acompanhamento dos Projetos de sua Institui\u00e7\u00e3o.<\/p>\n<p><strong>O Curso In Company pode ser realizado em qualquer cidade do pa\u00eds, presencial ou EAD, apresentando in\u00fameras vantagens, nesta modalidade e em sua forma de realiza\u00e7\u00e3o:<\/strong><\/p>\n<ul>\n<li>Treinamento personalizado executado em fun\u00e7\u00e3o da realidade da Institui\u00e7\u00e3o;<\/li>\n<li>Menor custo no investimento por colaborador, evitando gastos com deslocamento, hospedagem e alimenta\u00e7\u00e3o, fora de sua realidade di\u00e1ria;<\/li>\n<li>Sigilo absoluto no trato das informa\u00e7\u00f5es das Institui\u00e7\u00f5es participantes;<\/li>\n<li>Maior comodidade para os participantes, com maior aproveitamento na absor\u00e7\u00e3o do conte\u00fado;<\/li>\n<\/ul>\n<p>&nbsp;<\/p>\n<p>Consulte nossos especialistas e solicite a sua proposta.<\/p>\n<p>&nbsp;<\/p>\n<h2><strong>PREENCHA O FORMUL\u00c1RIO ABAIXO COM OS DADOS NECESS\u00c1RIOS<\/strong><\/h2>\n<p>&nbsp;<\/p>\n<p>Ap\u00f3s o envio. Aguarde o contato de um de nossos colaboradores<\/p>\n<div class=\"wpforms-container wpforms-container-full\" id=\"wpforms-939\"><form id=\"wpforms-form-939\" class=\"wpforms-validate wpforms-form wpforms-ajax-form\" data-formid=\"939\" method=\"post\" enctype=\"multipart\/form-data\" action=\"\/site\/wp-json\/wp\/v2\/pages\/948\" data-token=\"34447387f59ed7447ea48d3af8de616f\"><noscript class=\"wpforms-error-noscript\">Ative o JavaScript no seu navegador para preencher este formul\u00e1rio.<\/noscript><div class=\"wpforms-field-container\"><div id=\"wpforms-939-field_1-container\" class=\"wpforms-field wpforms-field-text\" data-field-id=\"1\"><label class=\"wpforms-field-label\" for=\"wpforms-939-field_1\">Nome\/Raz\u00e3o Social <span class=\"wpforms-required-label\">*<\/span><\/label><input type=\"text\" id=\"wpforms-939-field_1\" class=\"wpforms-field-large wpforms-field-required\" name=\"wpforms[fields][1]\" required><\/div><div id=\"wpforms-939-field_16-container\" class=\"wpforms-field wpforms-field-text\" data-field-id=\"16\"><label class=\"wpforms-field-label\" for=\"wpforms-939-field_16\">CPF\/CNPJ <span class=\"wpforms-required-label\">*<\/span><\/label><input type=\"text\" id=\"wpforms-939-field_16\" class=\"wpforms-field-large wpforms-field-required\" name=\"wpforms[fields][16]\" required><\/div><div id=\"wpforms-939-field_20-container\" class=\"wpforms-field wpforms-field-radio\" data-field-id=\"20\"><label class=\"wpforms-field-label\" for=\"wpforms-939-field_20\">Formato Pretendido <span class=\"wpforms-required-label\">*<\/span><\/label><ul id=\"wpforms-939-field_20\" class=\"wpforms-field-required\"><li class=\"choice-1 depth-1\"><input type=\"radio\" id=\"wpforms-939-field_20_1\" name=\"wpforms[fields][20]\" value=\"Curso\" required ><label class=\"wpforms-field-label-inline\" for=\"wpforms-939-field_20_1\">Curso<\/label><\/li><li class=\"choice-2 depth-1\"><input type=\"radio\" id=\"wpforms-939-field_20_2\" name=\"wpforms[fields][20]\" value=\"Palestra\" required ><label class=\"wpforms-field-label-inline\" for=\"wpforms-939-field_20_2\">Palestra<\/label><\/li><\/ul><\/div><div id=\"wpforms-939-field_21-container\" class=\"wpforms-field wpforms-field-radio\" data-field-id=\"21\"><label class=\"wpforms-field-label\" for=\"wpforms-939-field_21\">Modalidade Pretendida <span class=\"wpforms-required-label\">*<\/span><\/label><ul id=\"wpforms-939-field_21\" class=\"wpforms-field-required\"><li class=\"choice-1 depth-1\"><input type=\"radio\" id=\"wpforms-939-field_21_1\" name=\"wpforms[fields][21]\" value=\"EAD\" required ><label class=\"wpforms-field-label-inline\" for=\"wpforms-939-field_21_1\">EAD<\/label><\/li><li class=\"choice-2 depth-1\"><input type=\"radio\" id=\"wpforms-939-field_21_2\" name=\"wpforms[fields][21]\" value=\"Presencial\" required ><label class=\"wpforms-field-label-inline\" for=\"wpforms-939-field_21_2\">Presencial<\/label><\/li><\/ul><\/div><div id=\"wpforms-939-field_18-container\" class=\"wpforms-field wpforms-field-text\" data-field-id=\"18\"><label class=\"wpforms-field-label\" for=\"wpforms-939-field_18\">Quantidade de Participantes <span class=\"wpforms-required-label\">*<\/span><\/label><input type=\"text\" id=\"wpforms-939-field_18\" class=\"wpforms-field-large wpforms-field-required\" name=\"wpforms[fields][18]\" required><\/div><div id=\"wpforms-939-field_8-container\" class=\"wpforms-field wpforms-field-select wpforms-field-select-style-classic\" data-field-id=\"8\"><label class=\"wpforms-field-label\" for=\"wpforms-939-field_8\">DDD <span class=\"wpforms-required-label\">*<\/span><\/label><select id=\"wpforms-939-field_8\" class=\"wpforms-field-small wpforms-field-required\" name=\"wpforms[fields][8]\" required=\"required\"><option value=\"11\" >11<\/option><option value=\"12\" >12<\/option><option value=\"13\" >13<\/option><option value=\"14\" >14<\/option><option value=\"15\" >15<\/option><option value=\"16\" >16<\/option><option value=\"17\" >17<\/option><option value=\"18\" >18<\/option><option value=\"19\" >19<\/option><option value=\"21\" >21<\/option><option value=\"22\" >22<\/option><option value=\"24\" >24<\/option><option value=\"27\" >27<\/option><option value=\"28\" >28<\/option><option value=\"31\" >31<\/option><option value=\"32\" >32<\/option><option value=\"33\" >33<\/option><option value=\"34\" >34<\/option><option value=\"35\" >35<\/option><option value=\"37\" >37<\/option><option value=\"38\" >38<\/option><option value=\"41\" >41<\/option><option value=\"42\" >42<\/option><option value=\"43\" >43<\/option><option value=\"44\" >44<\/option><option value=\"45\" >45<\/option><option value=\"46\" >46<\/option><option value=\"47\" >47<\/option><option value=\"48\" >48<\/option><option value=\"49\" >49<\/option><option value=\"51\" >51<\/option><option value=\"53\" >53<\/option><option value=\"54\" >54<\/option><option value=\"55\" >55<\/option><option value=\"61\" >61<\/option><option value=\"62\" >62<\/option><option value=\"63\" >63<\/option><option value=\"64\" >64<\/option><option value=\"65\" >65<\/option><option value=\"66\" >66<\/option><option value=\"67\" >67<\/option><option value=\"68\" >68<\/option><option value=\"69\" >69<\/option><option value=\"71\" >71<\/option><option value=\"73\" >73<\/option><option value=\"74\" >74<\/option><option value=\"75\" >75<\/option><option value=\"77\" >77<\/option><option value=\"79\" >79<\/option><option value=\"81\" >81<\/option><option value=\"82\" >82<\/option><option value=\"83\" >83<\/option><option value=\"84\" >84<\/option><option value=\"85\" >85<\/option><option value=\"86\" >86<\/option><option value=\"87\" >87<\/option><option value=\"88\" >88<\/option><option value=\"89\" >89<\/option><option value=\"91\" >91<\/option><option value=\"92\" >92<\/option><option value=\"93\" >93<\/option><option value=\"94\" >94<\/option><option value=\"95\" >95<\/option><option value=\"96\" >96<\/option><option value=\"97\" >97<\/option><option value=\"98\" >98<\/option><option value=\"99\" >99<\/option><\/select><\/div><div id=\"wpforms-939-field_14-container\" class=\"wpforms-field wpforms-field-text\" data-field-id=\"14\"><label class=\"wpforms-field-label\" for=\"wpforms-939-field_14\">Celular <span class=\"wpforms-required-label\">*<\/span><\/label><input type=\"text\" id=\"wpforms-939-field_14\" class=\"wpforms-field-medium wpforms-field-required\" name=\"wpforms[fields][14]\" required><\/div><div id=\"wpforms-939-field_13-container\" class=\"wpforms-field wpforms-field-text\" data-field-id=\"13\"><label class=\"wpforms-field-label\" for=\"wpforms-939-field_13\">Telefone <span class=\"wpforms-required-label\">*<\/span><\/label><input type=\"text\" id=\"wpforms-939-field_13\" class=\"wpforms-field-medium wpforms-field-required\" name=\"wpforms[fields][13]\" required><\/div><div id=\"wpforms-939-field_3-container\" class=\"wpforms-field wpforms-field-email\" data-field-id=\"3\"><label class=\"wpforms-field-label\" for=\"wpforms-939-field_3\">E-mail <span class=\"wpforms-required-label\">*<\/span><\/label><div class=\"wpforms-field-row wpforms-field-large\"><div class=\"wpforms-field-row-block wpforms-one-half wpforms-first\"><input type=\"email\" id=\"wpforms-939-field_3\" class=\"wpforms-field-required wpforms-field-email-primary\" name=\"wpforms[fields][3][primary]\" required><label for=\"wpforms-939-field_3\" class=\"wpforms-field-sublabel after \">E-mail<\/label><\/div><div class=\"wpforms-field-row-block wpforms-one-half\"><input type=\"email\" id=\"wpforms-939-field_3-secondary\" class=\"wpforms-field-email-secondary wpforms-field-required\" data-rule-confirm=\"#wpforms-939-field_3\" name=\"wpforms[fields][3][secondary]\" required><label for=\"wpforms-939-field_3-secondary\" class=\"wpforms-field-sublabel after \">Confirmar e-mail<\/label><\/div><\/div><\/div><div id=\"wpforms-939-field_12-container\" class=\"wpforms-field wpforms-field-textarea\" data-field-id=\"12\"><label class=\"wpforms-field-label\" for=\"wpforms-939-field_12\">Observa\u00e7\u00f5es (opcional)<\/label><textarea id=\"wpforms-939-field_12\" class=\"wpforms-field-medium\" name=\"wpforms[fields][12]\" ><\/textarea><\/div><\/div><div class=\"wpforms-recaptcha-container wpforms-is-recaptcha\"><div class=\"g-recaptcha\" data-sitekey=\"6LenONwUAAAAAOom4-F9jEAX07CNnA-ayUiJGwdO\"><\/div><input type=\"text\" name=\"g-recaptcha-hidden\" class=\"wpforms-recaptcha-hidden\" style=\"position:absolute!important;clip:rect(0,0,0,0)!important;height:1px!important;width:1px!important;border:0!important;overflow:hidden!important;padding:0!important;margin:0!important;\" required><\/div><div class=\"wpforms-submit-container\"><input type=\"hidden\" name=\"wpforms[id]\" value=\"939\"><input type=\"hidden\" name=\"wpforms[author]\" value=\"1\"><button type=\"submit\" name=\"wpforms[submit]\" id=\"wpforms-submit-939\" class=\"wpforms-submit\" data-alt-text=\"Enviando...\" data-submit-text=\"Enviar\" aria-live=\"assertive\" value=\"wpforms-submit\">Enviar<\/button><img loading=\"lazy\" decoding=\"async\" src=\"https:\/\/grupoz9.com.br\/site\/wp-content\/plugins\/wpforms-lite\/assets\/images\/submit-spin.svg\" class=\"wpforms-submit-spinner\" style=\"display: none;\" width=\"26\" height=\"26\" alt=\"\"><\/div><\/form><\/div>  <!-- .wpforms-container -->\n","protected":false},"excerpt":{"rendered":"<p>Quer essa apresenta\u00e7\u00e3o em PDF? Acesse aqui&nbsp; Apresenta\u00e7\u00e3o PDF Quer essa apresenta\u00e7\u00e3o em PDF? Acesse aqui&nbsp; Apresenta\u00e7\u00e3o PDF As Palestras tem&nbsp;02h00min de dura\u00e7\u00e3o, e podem ser realizadas no formato presencial ou EAD 100% AO VIVO. Estes Cursos s\u00e3o estruturados, em parceria com as Institui\u00e7\u00f5es P\u00fablicas e Empresas Privadas, de acordo com a necessidade, disponibilidade de [&hellip;]<\/p>\n","protected":false},"author":1,"featured_media":0,"parent":0,"menu_order":0,"comment_status":"closed","ping_status":"closed","template":"","meta":{"cybocfi_hide_featured_image":"","footnotes":""},"class_list":["post-948","page","type-page","status-publish","hentry"],"yoast_head":"<!-- This site is optimized with the Yoast SEO plugin v20.7 - https:\/\/yoast.com\/wordpress\/plugins\/seo\/ -->\n<title>In Company Ass\u00e9dio - Grupo Z9<\/title>\n<meta name=\"robots\" content=\"index, follow, max-snippet:-1, max-image-preview:large, max-video-preview:-1\" \/>\n<link rel=\"canonical\" href=\"https:\/\/grupoz9.com.br\/site\/in-company-assedio\/\" \/>\n<meta property=\"og:locale\" content=\"pt_BR\" \/>\n<meta property=\"og:type\" content=\"article\" \/>\n<meta property=\"og:title\" content=\"In Company Ass\u00e9dio - Grupo Z9\" \/>\n<meta property=\"og:description\" content=\"Quer essa apresenta\u00e7\u00e3o em PDF? Acesse aqui&nbsp; Apresenta\u00e7\u00e3o PDF Quer essa apresenta\u00e7\u00e3o em PDF? Acesse aqui&nbsp; Apresenta\u00e7\u00e3o PDF As Palestras tem&nbsp;02h00min de dura\u00e7\u00e3o, e podem ser realizadas no formato presencial ou EAD 100% AO VIVO. Estes Cursos s\u00e3o estruturados, em parceria com as Institui\u00e7\u00f5es P\u00fablicas e Empresas Privadas, de acordo com a necessidade, disponibilidade de [&hellip;]\" \/>\n<meta property=\"og:url\" content=\"https:\/\/grupoz9.com.br\/site\/in-company-assedio\/\" \/>\n<meta property=\"og:site_name\" content=\"Grupo Z9\" \/>\n<meta property=\"article:publisher\" content=\"https:\/\/www.facebook.com\/grupoz9\" \/>\n<meta property=\"article:modified_time\" content=\"2025-08-01T12:19:40+00:00\" \/>\n<meta property=\"og:image\" content=\"http:\/\/grupoz9.com.br\/site\/wp-content\/uploads\/2023\/05\/Portfolio-Assedio-2023_Page_01-X-800.jpg\" \/>\n<meta name=\"twitter:card\" content=\"summary_large_image\" \/>\n<meta name=\"twitter:site\" content=\"@grupoz9\" \/>\n<meta name=\"twitter:label1\" content=\"Est. tempo de leitura\" \/>\n\t<meta name=\"twitter:data1\" content=\"3 minutos\" \/>\n<script type=\"application\/ld+json\" class=\"yoast-schema-graph\">{\"@context\":\"https:\/\/schema.org\",\"@graph\":[{\"@type\":\"WebPage\",\"@id\":\"https:\/\/grupoz9.com.br\/site\/in-company-assedio\/\",\"url\":\"https:\/\/grupoz9.com.br\/site\/in-company-assedio\/\",\"name\":\"In Company Ass\u00e9dio - Grupo Z9\",\"isPartOf\":{\"@id\":\"https:\/\/grupoz9.com.br\/site\/#website\"},\"datePublished\":\"2022-10-18T19:23:20+00:00\",\"dateModified\":\"2025-08-01T12:19:40+00:00\",\"breadcrumb\":{\"@id\":\"https:\/\/grupoz9.com.br\/site\/in-company-assedio\/#breadcrumb\"},\"inLanguage\":\"pt-BR\",\"potentialAction\":[{\"@type\":\"ReadAction\",\"target\":[\"https:\/\/grupoz9.com.br\/site\/in-company-assedio\/\"]}]},{\"@type\":\"BreadcrumbList\",\"@id\":\"https:\/\/grupoz9.com.br\/site\/in-company-assedio\/#breadcrumb\",\"itemListElement\":[{\"@type\":\"ListItem\",\"position\":1,\"name\":\"In\u00edcio\",\"item\":\"https:\/\/grupoz9.com.br\/site\/\"},{\"@type\":\"ListItem\",\"position\":2,\"name\":\"In Company Ass\u00e9dio\"}]},{\"@type\":\"WebSite\",\"@id\":\"https:\/\/grupoz9.com.br\/site\/#website\",\"url\":\"https:\/\/grupoz9.com.br\/site\/\",\"name\":\"Grupo Z9\",\"description\":\"Consultoria e Treinamento\",\"publisher\":{\"@id\":\"https:\/\/grupoz9.com.br\/site\/#organization\"},\"potentialAction\":[{\"@type\":\"SearchAction\",\"target\":{\"@type\":\"EntryPoint\",\"urlTemplate\":\"https:\/\/grupoz9.com.br\/site\/?s={search_term_string}\"},\"query-input\":\"required name=search_term_string\"}],\"inLanguage\":\"pt-BR\"},{\"@type\":\"Organization\",\"@id\":\"https:\/\/grupoz9.com.br\/site\/#organization\",\"name\":\"Grupo Z9 Consultoria e Treinamento\",\"url\":\"https:\/\/grupoz9.com.br\/site\/\",\"logo\":{\"@type\":\"ImageObject\",\"inLanguage\":\"pt-BR\",\"@id\":\"https:\/\/grupoz9.com.br\/site\/#\/schema\/logo\/image\/\",\"url\":\"https:\/\/grupoz9.com.br\/site\/wp-content\/uploads\/2023\/09\/cropped-cropped-Logo-PAPEL-TIMBRADO-amarelo.jpg\",\"contentUrl\":\"https:\/\/grupoz9.com.br\/site\/wp-content\/uploads\/2023\/09\/cropped-cropped-Logo-PAPEL-TIMBRADO-amarelo.jpg\",\"width\":500,\"height\":133,\"caption\":\"Grupo Z9 Consultoria e Treinamento\"},\"image\":{\"@id\":\"https:\/\/grupoz9.com.br\/site\/#\/schema\/logo\/image\/\"},\"sameAs\":[\"https:\/\/www.facebook.com\/grupoz9\",\"https:\/\/twitter.com\/grupoz9\",\"https:\/\/www.instagram.com\/grupoz9\"]}]}<\/script>\n<!-- \/ Yoast SEO plugin. -->","yoast_head_json":{"title":"In Company Ass\u00e9dio - Grupo Z9","robots":{"index":"index","follow":"follow","max-snippet":"max-snippet:-1","max-image-preview":"max-image-preview:large","max-video-preview":"max-video-preview:-1"},"canonical":"https:\/\/grupoz9.com.br\/site\/in-company-assedio\/","og_locale":"pt_BR","og_type":"article","og_title":"In Company Ass\u00e9dio - Grupo Z9","og_description":"Quer essa apresenta\u00e7\u00e3o em PDF? Acesse aqui&nbsp; Apresenta\u00e7\u00e3o PDF Quer essa apresenta\u00e7\u00e3o em PDF? Acesse aqui&nbsp; Apresenta\u00e7\u00e3o PDF As Palestras tem&nbsp;02h00min de dura\u00e7\u00e3o, e podem ser realizadas no formato presencial ou EAD 100% AO VIVO. Estes Cursos s\u00e3o estruturados, em parceria com as Institui\u00e7\u00f5es P\u00fablicas e Empresas Privadas, de acordo com a necessidade, disponibilidade de [&hellip;]","og_url":"https:\/\/grupoz9.com.br\/site\/in-company-assedio\/","og_site_name":"Grupo Z9","article_publisher":"https:\/\/www.facebook.com\/grupoz9","article_modified_time":"2025-08-01T12:19:40+00:00","og_image":[{"url":"http:\/\/grupoz9.com.br\/site\/wp-content\/uploads\/2023\/05\/Portfolio-Assedio-2023_Page_01-X-800.jpg"}],"twitter_card":"summary_large_image","twitter_site":"@grupoz9","twitter_misc":{"Est. tempo de leitura":"3 minutos"},"schema":{"@context":"https:\/\/schema.org","@graph":[{"@type":"WebPage","@id":"https:\/\/grupoz9.com.br\/site\/in-company-assedio\/","url":"https:\/\/grupoz9.com.br\/site\/in-company-assedio\/","name":"In Company Ass\u00e9dio - Grupo Z9","isPartOf":{"@id":"https:\/\/grupoz9.com.br\/site\/#website"},"datePublished":"2022-10-18T19:23:20+00:00","dateModified":"2025-08-01T12:19:40+00:00","breadcrumb":{"@id":"https:\/\/grupoz9.com.br\/site\/in-company-assedio\/#breadcrumb"},"inLanguage":"pt-BR","potentialAction":[{"@type":"ReadAction","target":["https:\/\/grupoz9.com.br\/site\/in-company-assedio\/"]}]},{"@type":"BreadcrumbList","@id":"https:\/\/grupoz9.com.br\/site\/in-company-assedio\/#breadcrumb","itemListElement":[{"@type":"ListItem","position":1,"name":"In\u00edcio","item":"https:\/\/grupoz9.com.br\/site\/"},{"@type":"ListItem","position":2,"name":"In Company Ass\u00e9dio"}]},{"@type":"WebSite","@id":"https:\/\/grupoz9.com.br\/site\/#website","url":"https:\/\/grupoz9.com.br\/site\/","name":"Grupo Z9","description":"Consultoria e Treinamento","publisher":{"@id":"https:\/\/grupoz9.com.br\/site\/#organization"},"potentialAction":[{"@type":"SearchAction","target":{"@type":"EntryPoint","urlTemplate":"https:\/\/grupoz9.com.br\/site\/?s={search_term_string}"},"query-input":"required name=search_term_string"}],"inLanguage":"pt-BR"},{"@type":"Organization","@id":"https:\/\/grupoz9.com.br\/site\/#organization","name":"Grupo Z9 Consultoria e Treinamento","url":"https:\/\/grupoz9.com.br\/site\/","logo":{"@type":"ImageObject","inLanguage":"pt-BR","@id":"https:\/\/grupoz9.com.br\/site\/#\/schema\/logo\/image\/","url":"https:\/\/grupoz9.com.br\/site\/wp-content\/uploads\/2023\/09\/cropped-cropped-Logo-PAPEL-TIMBRADO-amarelo.jpg","contentUrl":"https:\/\/grupoz9.com.br\/site\/wp-content\/uploads\/2023\/09\/cropped-cropped-Logo-PAPEL-TIMBRADO-amarelo.jpg","width":500,"height":133,"caption":"Grupo Z9 Consultoria e Treinamento"},"image":{"@id":"https:\/\/grupoz9.com.br\/site\/#\/schema\/logo\/image\/"},"sameAs":["https:\/\/www.facebook.com\/grupoz9","https:\/\/twitter.com\/grupoz9","https:\/\/www.instagram.com\/grupoz9"]}]}},"_links":{"self":[{"href":"https:\/\/grupoz9.com.br\/site\/wp-json\/wp\/v2\/pages\/948","targetHints":{"allow":["GET"]}}],"collection":[{"href":"https:\/\/grupoz9.com.br\/site\/wp-json\/wp\/v2\/pages"}],"about":[{"href":"https:\/\/grupoz9.com.br\/site\/wp-json\/wp\/v2\/types\/page"}],"author":[{"embeddable":true,"href":"https:\/\/grupoz9.com.br\/site\/wp-json\/wp\/v2\/users\/1"}],"replies":[{"embeddable":true,"href":"https:\/\/grupoz9.com.br\/site\/wp-json\/wp\/v2\/comments?post=948"}],"version-history":[{"count":13,"href":"https:\/\/grupoz9.com.br\/site\/wp-json\/wp\/v2\/pages\/948\/revisions"}],"predecessor-version":[{"id":2046,"href":"https:\/\/grupoz9.com.br\/site\/wp-json\/wp\/v2\/pages\/948\/revisions\/2046"}],"wp:attachment":[{"href":"https:\/\/grupoz9.com.br\/site\/wp-json\/wp\/v2\/media?parent=948"}],"curies":[{"name":"wp","href":"https:\/\/api.w.org\/{rel}","templated":true}]}}