{"id":546,"date":"2022-04-17T20:50:48","date_gmt":"2022-04-17T23:50:48","guid":{"rendered":"https:\/\/grupoz9.com.br\/site\/?page_id=546"},"modified":"2022-04-17T20:50:48","modified_gmt":"2022-04-17T23:50:48","slug":"termos-de-uso","status":"publish","type":"page","link":"https:\/\/grupoz9.com.br\/site\/termos-de-uso\/","title":{"rendered":"Termos de Uso"},"content":{"rendered":"<div id=\"terms-text\" class=\"tab-final-content\">\n<h2>1. Termos<\/h2>\n<p>Ao acessar ao site <a href=\"http:\/\/www.grupoz9.com.br\">Grupo Z9 Consultoria e Treinamento<\/a>, concorda em cumprir estes termos de servi\u00e7o, todas as leis e regulamentos aplic\u00e1veis \u200b\u200be concorda que \u00e9 respons\u00e1vel pelo cumprimento de todas as leis locais aplic\u00e1veis. Se voc\u00ea n\u00e3o concordar com algum desses termos, est\u00e1 proibido de usar ou acessar este site. Os materiais contidos neste site s\u00e3o protegidos pelas leis de direitos autorais e marcas comerciais aplic\u00e1veis.<\/p>\n<h2>2. Uso de Licen\u00e7a<\/h2>\n<p>\u00c9 concedida permiss\u00e3o para baixar temporariamente uma c\u00f3pia dos materiais (informa\u00e7\u00f5es ou software) no site Grupo Z9 Consultoria e Treinamento , apenas para visualiza\u00e7\u00e3o transit\u00f3ria pessoal e n\u00e3o comercial. Esta \u00e9 a concess\u00e3o de uma licen\u00e7a, n\u00e3o uma transfer\u00eancia de t\u00edtulo e, sob esta licen\u00e7a, voc\u00ea n\u00e3o pode:<\/p>\n<ol>\n<li>modificar ou copiar os materiais;<\/li>\n<li>usar os materiais para qualquer finalidade comercial ou para exibi\u00e7\u00e3o p\u00fablica (comercial ou n\u00e3o comercial);<\/li>\n<li>tentar descompilar ou fazer engenharia reversa de qualquer software contido no site Grupo Z9 Consultoria e Treinamento;<\/li>\n<li>remover quaisquer direitos autorais ou outras nota\u00e7\u00f5es de propriedade dos materiais; ou<\/li>\n<li>transferir os materiais para outra pessoa ou &#8216;espelhe&#8217; os materiais em qualquer outro servidor.<\/li>\n<\/ol>\n<p>Esta licen\u00e7a ser\u00e1 automaticamente rescindida se voc\u00ea violar alguma dessas restri\u00e7\u00f5es e poder\u00e1 ser rescindida por Grupo Z9 Consultoria e Treinamento a qualquer momento. Ao encerrar a visualiza\u00e7\u00e3o desses materiais ou ap\u00f3s o t\u00e9rmino desta licen\u00e7a, voc\u00ea deve apagar todos os materiais baixados em sua posse, seja em formato eletr\u00f3nico ou impresso.<\/p>\n<h2>3. Isen\u00e7\u00e3o de responsabilidade<\/h2>\n<ol>\n<li>Os materiais no site da Grupo Z9 Consultoria e Treinamento s\u00e3o fornecidos &#8216;como est\u00e3o&#8217;. Grupo Z9 Consultoria e Treinamento n\u00e3o oferece garantias, expressas ou impl\u00edcitas, e, por este meio, isenta e nega todas as outras garantias, incluindo, sem limita\u00e7\u00e3o, garantias impl\u00edcitas ou condi\u00e7\u00f5es de comercializa\u00e7\u00e3o, adequa\u00e7\u00e3o a um fim espec\u00edfico ou n\u00e3o viola\u00e7\u00e3o de propriedade intelectual ou outra viola\u00e7\u00e3o de direitos.<\/li>\n<li>Al\u00e9m disso, o Grupo Z9 Consultoria e Treinamento n\u00e3o garante ou faz qualquer representa\u00e7\u00e3o relativa \u00e0 precis\u00e3o, aos resultados prov\u00e1veis \u200b\u200bou \u00e0 confiabilidade do uso dos materiais em seu site ou de outra forma relacionado a esses materiais ou em sites vinculados a este site.<\/li>\n<\/ol>\n<h2>4. Limita\u00e7\u00f5es<\/h2>\n<p>Em nenhum caso o Grupo Z9 Consultoria e Treinamento ou seus fornecedores ser\u00e3o respons\u00e1veis \u200b\u200bpor quaisquer danos (incluindo, sem limita\u00e7\u00e3o, danos por perda de dados ou lucro ou devido a interrup\u00e7\u00e3o dos neg\u00f3cios) decorrentes do uso ou da incapacidade de usar os materiais em Grupo Z9 Consultoria e Treinamento, mesmo que Grupo Z9 Consultoria e Treinamento ou um representante autorizado da Grupo Z9 Consultoria e Treinamento tenha sido notificado oralmente ou por escrito da possibilidade de tais danos. Como algumas jurisdi\u00e7\u00f5es n\u00e3o permitem limita\u00e7\u00f5es em garantias impl\u00edcitas, ou limita\u00e7\u00f5es de responsabilidade por danos conseq\u00fcentes ou incidentais, essas limita\u00e7\u00f5es podem n\u00e3o se aplicar a voc\u00ea.<\/p>\n<h2>5. Precis\u00e3o dos materiais<\/h2>\n<p>Os materiais exibidos no site da Grupo Z9 Consultoria e Treinamento podem incluir erros t\u00e9cnicos, tipogr\u00e1ficos ou fotogr\u00e1ficos. Grupo Z9 Consultoria e Treinamento n\u00e3o garante que qualquer material em seu site seja preciso, completo ou atual. Grupo Z9 Consultoria e Treinamento pode fazer altera\u00e7\u00f5es nos materiais contidos em seu site a qualquer momento, sem aviso pr\u00e9vio. No entanto, Grupo Z9 Consultoria e Treinamento n\u00e3o se compromete a atualizar os materiais.<\/p>\n<h2>6. Links<\/h2>\n<p>O Grupo Z9 Consultoria e Treinamento n\u00e3o analisou todos os sites vinculados ao seu site e n\u00e3o \u00e9 respons\u00e1vel pelo conte\u00fado de nenhum site vinculado. A inclus\u00e3o de qualquer link n\u00e3o implica endosso por Grupo Z9 Consultoria e Treinamento do site. O uso de qualquer site vinculado \u00e9 por conta e risco do usu\u00e1rio.<\/p>\n<p>&nbsp;<\/p>\n<h3>Modifica\u00e7\u00f5es<\/h3>\n<p>O Grupo Z9 Consultoria e Treinamento pode revisar estes termos de servi\u00e7o do site a qualquer momento, sem aviso pr\u00e9vio. Ao usar este site, voc\u00ea concorda em ficar vinculado \u00e0 vers\u00e3o atual desses termos de servi\u00e7o.<\/p>\n<h3>Lei aplic\u00e1vel<\/h3>\n<p>Estes termos e condi\u00e7\u00f5es s\u00e3o regidos e interpretados de acordo com as leis do Grupo Z9 Consultoria e Treinamento e voc\u00ea se submete irrevogavelmente \u00e0 jurisdi\u00e7\u00e3o exclusiva dos tribunais naquele estado ou localidade.<\/p>\n<\/div>\n","protected":false},"excerpt":{"rendered":"<p>1. Termos Ao acessar ao site Grupo Z9 Consultoria e Treinamento, concorda em cumprir estes termos de servi\u00e7o, todas as leis e regulamentos aplic\u00e1veis \u200b\u200be concorda que \u00e9 respons\u00e1vel pelo cumprimento de todas as leis locais aplic\u00e1veis. Se voc\u00ea n\u00e3o concordar com algum desses termos, est\u00e1 proibido de usar ou acessar este site. Os materiais [&hellip;]<\/p>\n","protected":false},"author":1,"featured_media":0,"parent":0,"menu_order":0,"comment_status":"closed","ping_status":"closed","template":"","meta":{"cybocfi_hide_featured_image":"","footnotes":""},"class_list":["post-546","page","type-page","status-publish","hentry"],"yoast_head":"<!-- This site is optimized with the Yoast SEO plugin v20.7 - https:\/\/yoast.com\/wordpress\/plugins\/seo\/ -->\n<title>Termos de Uso - Grupo Z9<\/title>\n<meta name=\"robots\" content=\"index, follow, max-snippet:-1, max-image-preview:large, max-video-preview:-1\" \/>\n<link rel=\"canonical\" href=\"https:\/\/grupoz9.com.br\/site\/termos-de-uso\/\" \/>\n<meta property=\"og:locale\" content=\"pt_BR\" \/>\n<meta property=\"og:type\" content=\"article\" \/>\n<meta property=\"og:title\" content=\"Termos de Uso - Grupo Z9\" \/>\n<meta property=\"og:description\" content=\"1. Termos Ao acessar ao site Grupo Z9 Consultoria e Treinamento, concorda em cumprir estes termos de servi\u00e7o, todas as leis e regulamentos aplic\u00e1veis \u200b\u200be concorda que \u00e9 respons\u00e1vel pelo cumprimento de todas as leis locais aplic\u00e1veis. Se voc\u00ea n\u00e3o concordar com algum desses termos, est\u00e1 proibido de usar ou acessar este site. Os materiais [&hellip;]\" \/>\n<meta property=\"og:url\" content=\"https:\/\/grupoz9.com.br\/site\/termos-de-uso\/\" \/>\n<meta property=\"og:site_name\" content=\"Grupo Z9\" \/>\n<meta property=\"article:publisher\" content=\"https:\/\/www.facebook.com\/grupoz9\" \/>\n<meta name=\"twitter:card\" content=\"summary_large_image\" \/>\n<meta name=\"twitter:site\" content=\"@grupoz9\" \/>\n<meta name=\"twitter:label1\" content=\"Est. tempo de leitura\" \/>\n\t<meta name=\"twitter:data1\" content=\"4 minutos\" \/>\n<script type=\"application\/ld+json\" class=\"yoast-schema-graph\">{\"@context\":\"https:\/\/schema.org\",\"@graph\":[{\"@type\":\"WebPage\",\"@id\":\"https:\/\/grupoz9.com.br\/site\/termos-de-uso\/\",\"url\":\"https:\/\/grupoz9.com.br\/site\/termos-de-uso\/\",\"name\":\"Termos de Uso - Grupo Z9\",\"isPartOf\":{\"@id\":\"https:\/\/grupoz9.com.br\/site\/#website\"},\"datePublished\":\"2022-04-17T23:50:48+00:00\",\"dateModified\":\"2022-04-17T23:50:48+00:00\",\"breadcrumb\":{\"@id\":\"https:\/\/grupoz9.com.br\/site\/termos-de-uso\/#breadcrumb\"},\"inLanguage\":\"pt-BR\",\"potentialAction\":[{\"@type\":\"ReadAction\",\"target\":[\"https:\/\/grupoz9.com.br\/site\/termos-de-uso\/\"]}]},{\"@type\":\"BreadcrumbList\",\"@id\":\"https:\/\/grupoz9.com.br\/site\/termos-de-uso\/#breadcrumb\",\"itemListElement\":[{\"@type\":\"ListItem\",\"position\":1,\"name\":\"In\u00edcio\",\"item\":\"https:\/\/grupoz9.com.br\/site\/\"},{\"@type\":\"ListItem\",\"position\":2,\"name\":\"Termos de Uso\"}]},{\"@type\":\"WebSite\",\"@id\":\"https:\/\/grupoz9.com.br\/site\/#website\",\"url\":\"https:\/\/grupoz9.com.br\/site\/\",\"name\":\"Grupo Z9\",\"description\":\"Consultoria e Treinamento\",\"publisher\":{\"@id\":\"https:\/\/grupoz9.com.br\/site\/#organization\"},\"potentialAction\":[{\"@type\":\"SearchAction\",\"target\":{\"@type\":\"EntryPoint\",\"urlTemplate\":\"https:\/\/grupoz9.com.br\/site\/?s={search_term_string}\"},\"query-input\":\"required name=search_term_string\"}],\"inLanguage\":\"pt-BR\"},{\"@type\":\"Organization\",\"@id\":\"https:\/\/grupoz9.com.br\/site\/#organization\",\"name\":\"Grupo Z9 Consultoria e Treinamento\",\"url\":\"https:\/\/grupoz9.com.br\/site\/\",\"logo\":{\"@type\":\"ImageObject\",\"inLanguage\":\"pt-BR\",\"@id\":\"https:\/\/grupoz9.com.br\/site\/#\/schema\/logo\/image\/\",\"url\":\"https:\/\/grupoz9.com.br\/site\/wp-content\/uploads\/2023\/09\/cropped-cropped-Logo-PAPEL-TIMBRADO-amarelo.jpg\",\"contentUrl\":\"https:\/\/grupoz9.com.br\/site\/wp-content\/uploads\/2023\/09\/cropped-cropped-Logo-PAPEL-TIMBRADO-amarelo.jpg\",\"width\":500,\"height\":133,\"caption\":\"Grupo Z9 Consultoria e Treinamento\"},\"image\":{\"@id\":\"https:\/\/grupoz9.com.br\/site\/#\/schema\/logo\/image\/\"},\"sameAs\":[\"https:\/\/www.facebook.com\/grupoz9\",\"https:\/\/twitter.com\/grupoz9\",\"https:\/\/www.instagram.com\/grupoz9\"]}]}<\/script>\n<!-- \/ Yoast SEO plugin. -->","yoast_head_json":{"title":"Termos de Uso - Grupo Z9","robots":{"index":"index","follow":"follow","max-snippet":"max-snippet:-1","max-image-preview":"max-image-preview:large","max-video-preview":"max-video-preview:-1"},"canonical":"https:\/\/grupoz9.com.br\/site\/termos-de-uso\/","og_locale":"pt_BR","og_type":"article","og_title":"Termos de Uso - Grupo Z9","og_description":"1. Termos Ao acessar ao site Grupo Z9 Consultoria e Treinamento, concorda em cumprir estes termos de servi\u00e7o, todas as leis e regulamentos aplic\u00e1veis \u200b\u200be concorda que \u00e9 respons\u00e1vel pelo cumprimento de todas as leis locais aplic\u00e1veis. Se voc\u00ea n\u00e3o concordar com algum desses termos, est\u00e1 proibido de usar ou acessar este site. Os materiais [&hellip;]","og_url":"https:\/\/grupoz9.com.br\/site\/termos-de-uso\/","og_site_name":"Grupo Z9","article_publisher":"https:\/\/www.facebook.com\/grupoz9","twitter_card":"summary_large_image","twitter_site":"@grupoz9","twitter_misc":{"Est. tempo de leitura":"4 minutos"},"schema":{"@context":"https:\/\/schema.org","@graph":[{"@type":"WebPage","@id":"https:\/\/grupoz9.com.br\/site\/termos-de-uso\/","url":"https:\/\/grupoz9.com.br\/site\/termos-de-uso\/","name":"Termos de Uso - Grupo Z9","isPartOf":{"@id":"https:\/\/grupoz9.com.br\/site\/#website"},"datePublished":"2022-04-17T23:50:48+00:00","dateModified":"2022-04-17T23:50:48+00:00","breadcrumb":{"@id":"https:\/\/grupoz9.com.br\/site\/termos-de-uso\/#breadcrumb"},"inLanguage":"pt-BR","potentialAction":[{"@type":"ReadAction","target":["https:\/\/grupoz9.com.br\/site\/termos-de-uso\/"]}]},{"@type":"BreadcrumbList","@id":"https:\/\/grupoz9.com.br\/site\/termos-de-uso\/#breadcrumb","itemListElement":[{"@type":"ListItem","position":1,"name":"In\u00edcio","item":"https:\/\/grupoz9.com.br\/site\/"},{"@type":"ListItem","position":2,"name":"Termos de Uso"}]},{"@type":"WebSite","@id":"https:\/\/grupoz9.com.br\/site\/#website","url":"https:\/\/grupoz9.com.br\/site\/","name":"Grupo Z9","description":"Consultoria e Treinamento","publisher":{"@id":"https:\/\/grupoz9.com.br\/site\/#organization"},"potentialAction":[{"@type":"SearchAction","target":{"@type":"EntryPoint","urlTemplate":"https:\/\/grupoz9.com.br\/site\/?s={search_term_string}"},"query-input":"required name=search_term_string"}],"inLanguage":"pt-BR"},{"@type":"Organization","@id":"https:\/\/grupoz9.com.br\/site\/#organization","name":"Grupo Z9 Consultoria e Treinamento","url":"https:\/\/grupoz9.com.br\/site\/","logo":{"@type":"ImageObject","inLanguage":"pt-BR","@id":"https:\/\/grupoz9.com.br\/site\/#\/schema\/logo\/image\/","url":"https:\/\/grupoz9.com.br\/site\/wp-content\/uploads\/2023\/09\/cropped-cropped-Logo-PAPEL-TIMBRADO-amarelo.jpg","contentUrl":"https:\/\/grupoz9.com.br\/site\/wp-content\/uploads\/2023\/09\/cropped-cropped-Logo-PAPEL-TIMBRADO-amarelo.jpg","width":500,"height":133,"caption":"Grupo Z9 Consultoria e Treinamento"},"image":{"@id":"https:\/\/grupoz9.com.br\/site\/#\/schema\/logo\/image\/"},"sameAs":["https:\/\/www.facebook.com\/grupoz9","https:\/\/twitter.com\/grupoz9","https:\/\/www.instagram.com\/grupoz9"]}]}},"_links":{"self":[{"href":"https:\/\/grupoz9.com.br\/site\/wp-json\/wp\/v2\/pages\/546","targetHints":{"allow":["GET"]}}],"collection":[{"href":"https:\/\/grupoz9.com.br\/site\/wp-json\/wp\/v2\/pages"}],"about":[{"href":"https:\/\/grupoz9.com.br\/site\/wp-json\/wp\/v2\/types\/page"}],"author":[{"embeddable":true,"href":"https:\/\/grupoz9.com.br\/site\/wp-json\/wp\/v2\/users\/1"}],"replies":[{"embeddable":true,"href":"https:\/\/grupoz9.com.br\/site\/wp-json\/wp\/v2\/comments?post=546"}],"version-history":[{"count":1,"href":"https:\/\/grupoz9.com.br\/site\/wp-json\/wp\/v2\/pages\/546\/revisions"}],"predecessor-version":[{"id":548,"href":"https:\/\/grupoz9.com.br\/site\/wp-json\/wp\/v2\/pages\/546\/revisions\/548"}],"wp:attachment":[{"href":"https:\/\/grupoz9.com.br\/site\/wp-json\/wp\/v2\/media?parent=546"}],"curies":[{"name":"wp","href":"https:\/\/api.w.org\/{rel}","templated":true}]}}