{"id":179,"date":"2022-03-22T11:23:08","date_gmt":"2022-03-22T14:23:08","guid":{"rendered":"https:\/\/grupoz9.com.br\/site\/?page_id=179"},"modified":"2025-01-06T12:16:00","modified_gmt":"2025-01-06T15:16:00","slug":"contato","status":"publish","type":"page","link":"https:\/\/grupoz9.com.br\/site\/contato\/","title":{"rendered":"Contato"},"content":{"rendered":"<h2>Informa\u00e7\u00f5es para contato<\/h2>\n<p>&nbsp;<\/p>\n<p>Telefones: (61) 3034-4559<\/p>\n<p>WhatsApp: (61) 98347-9645<\/p>\n<p>Email: <span id=\"cloak4bf5c3fe66b6091b2093141936da0e01\"><a href=\"mailto:contato@grupoz9.com.br\">contato@grupoz9.com.br<\/a><\/span><\/p>\n<p>&nbsp;<\/p>\n<h2>Hor\u00e1rio de atendimento<\/h2>\n<p>&nbsp;<\/p>\n<p>De segunda a sexta-feira, de 8h \u00e0s 18hs<\/p>\n<p>&nbsp;<\/p>\n<h2>Endere\u00e7o<\/h2>\n<p>&nbsp;<\/p>\n<p>SRTVN 701 Bloco P Sala 3067 Ed. Bras\u00edlia R\u00e1dio Center, Asa Norte, Bras\u00edlia\/DF, CEP: 70.719-900<\/p>\n<div class=\"wpforms-container wpforms-container-full\" id=\"wpforms-138\"><form id=\"wpforms-form-138\" class=\"wpforms-validate wpforms-form wpforms-ajax-form\" data-formid=\"138\" method=\"post\" enctype=\"multipart\/form-data\" action=\"\/site\/wp-json\/wp\/v2\/pages\/179\" data-token=\"e938a0d3f3ac74cc835a0b58577ce970\"><div class=\"wpforms-head-container\"><div class=\"wpforms-title\">Entre em Contato<\/div><\/div><noscript class=\"wpforms-error-noscript\">Ative o JavaScript no seu navegador para preencher este formul\u00e1rio.<\/noscript><div class=\"wpforms-field-container\"><div id=\"wpforms-138-field_1-container\" class=\"wpforms-field wpforms-field-text\" data-field-id=\"1\"><label class=\"wpforms-field-label\" for=\"wpforms-138-field_1\">Nome <span class=\"wpforms-required-label\">*<\/span><\/label><input type=\"text\" id=\"wpforms-138-field_1\" class=\"wpforms-field-large wpforms-field-required\" name=\"wpforms[fields][1]\" required><\/div><div id=\"wpforms-138-field_8-container\" class=\"wpforms-field wpforms-field-select wpforms-field-select-style-classic\" data-field-id=\"8\"><label class=\"wpforms-field-label\" for=\"wpforms-138-field_8\">DDD<\/label><select id=\"wpforms-138-field_8\" class=\"wpforms-field-small\" name=\"wpforms[fields][8]\"><option value=\"11\" >11<\/option><option value=\"12\" >12<\/option><option value=\"13\" >13<\/option><option value=\"14\" >14<\/option><option value=\"15\" >15<\/option><option value=\"16\" >16<\/option><option value=\"17\" >17<\/option><option value=\"18\" >18<\/option><option value=\"19\" >19<\/option><option value=\"21\" >21<\/option><option value=\"22\" >22<\/option><option value=\"24\" >24<\/option><option value=\"27\" >27<\/option><option value=\"28\" >28<\/option><option value=\"31\" >31<\/option><option value=\"32\" >32<\/option><option value=\"33\" >33<\/option><option value=\"34\" >34<\/option><option value=\"35\" >35<\/option><option value=\"37\" >37<\/option><option value=\"38\" >38<\/option><option value=\"41\" >41<\/option><option value=\"42\" >42<\/option><option value=\"43\" >43<\/option><option value=\"44\" >44<\/option><option value=\"45\" >45<\/option><option value=\"46\" >46<\/option><option value=\"47\" >47<\/option><option value=\"48\" >48<\/option><option value=\"49\" >49<\/option><option value=\"51\" >51<\/option><option value=\"53\" >53<\/option><option value=\"54\" >54<\/option><option value=\"55\" >55<\/option><option value=\"61\" >61<\/option><option value=\"62\" >62<\/option><option value=\"63\" >63<\/option><option value=\"64\" >64<\/option><option value=\"65\" >65<\/option><option value=\"66\" >66<\/option><option value=\"67\" >67<\/option><option value=\"68\" >68<\/option><option value=\"69\" >69<\/option><option value=\"71\" >71<\/option><option value=\"73\" >73<\/option><option value=\"74\" >74<\/option><option value=\"75\" >75<\/option><option value=\"77\" >77<\/option><option value=\"79\" >79<\/option><option value=\"81\" >81<\/option><option value=\"82\" >82<\/option><option value=\"83\" >83<\/option><option value=\"84\" >84<\/option><option value=\"85\" >85<\/option><option value=\"86\" >86<\/option><option value=\"87\" >87<\/option><option value=\"88\" >88<\/option><option value=\"89\" >89<\/option><option value=\"91\" >91<\/option><option value=\"92\" >92<\/option><option value=\"93\" >93<\/option><option value=\"94\" >94<\/option><option value=\"95\" >95<\/option><option value=\"96\" >96<\/option><option value=\"97\" >97<\/option><option value=\"98\" >98<\/option><option value=\"99\" >99<\/option><\/select><\/div><div id=\"wpforms-138-field_14-container\" class=\"wpforms-field wpforms-field-text\" data-field-id=\"14\"><label class=\"wpforms-field-label\" for=\"wpforms-138-field_14\">Celular <span class=\"wpforms-required-label\">*<\/span><\/label><input type=\"text\" id=\"wpforms-138-field_14\" class=\"wpforms-field-medium wpforms-field-required\" name=\"wpforms[fields][14]\" required><\/div><div id=\"wpforms-138-field_15-container\" class=\"wpforms-field wpforms-field-radio\" data-field-id=\"15\"><label class=\"wpforms-field-label\" for=\"wpforms-138-field_15\">Aceita receber novidades via WhatsApp?<\/label><ul id=\"wpforms-138-field_15\"><li class=\"choice-1 depth-1\"><input type=\"radio\" id=\"wpforms-138-field_15_1\" name=\"wpforms[fields][15]\" value=\"Sim\"  ><label class=\"wpforms-field-label-inline\" for=\"wpforms-138-field_15_1\">Sim<\/label><\/li><li class=\"choice-2 depth-1\"><input type=\"radio\" id=\"wpforms-138-field_15_2\" name=\"wpforms[fields][15]\" value=\"N\u00e3o\"  ><label class=\"wpforms-field-label-inline\" for=\"wpforms-138-field_15_2\">N\u00e3o<\/label><\/li><\/ul><\/div><div id=\"wpforms-138-field_13-container\" class=\"wpforms-field wpforms-field-text\" data-field-id=\"13\"><label class=\"wpforms-field-label\" for=\"wpforms-138-field_13\">Telefone<\/label><input type=\"text\" id=\"wpforms-138-field_13\" class=\"wpforms-field-medium\" name=\"wpforms[fields][13]\" ><\/div><div id=\"wpforms-138-field_3-container\" class=\"wpforms-field wpforms-field-email\" data-field-id=\"3\"><label class=\"wpforms-field-label\" for=\"wpforms-138-field_3\">E-mail <span class=\"wpforms-required-label\">*<\/span><\/label><div class=\"wpforms-field-row wpforms-field-large\"><div class=\"wpforms-field-row-block wpforms-one-half wpforms-first\"><input type=\"email\" id=\"wpforms-138-field_3\" class=\"wpforms-field-required wpforms-field-email-primary\" name=\"wpforms[fields][3][primary]\" required><label for=\"wpforms-138-field_3\" class=\"wpforms-field-sublabel after \">E-mail<\/label><\/div><div class=\"wpforms-field-row-block wpforms-one-half\"><input type=\"email\" id=\"wpforms-138-field_3-secondary\" class=\"wpforms-field-email-secondary wpforms-field-required\" data-rule-confirm=\"#wpforms-138-field_3\" name=\"wpforms[fields][3][secondary]\" required><label for=\"wpforms-138-field_3-secondary\" class=\"wpforms-field-sublabel after \">Confirmar e-mail<\/label><\/div><\/div><\/div><div id=\"wpforms-138-field_12-container\" class=\"wpforms-field wpforms-field-textarea\" data-field-id=\"12\"><label class=\"wpforms-field-label\" for=\"wpforms-138-field_12\">Escreva sua Mensagem<\/label><textarea id=\"wpforms-138-field_12\" class=\"wpforms-field-medium\" name=\"wpforms[fields][12]\" ><\/textarea><\/div><\/div><div class=\"wpforms-recaptcha-container wpforms-is-recaptcha\"><div class=\"g-recaptcha\" data-sitekey=\"6LenONwUAAAAAOom4-F9jEAX07CNnA-ayUiJGwdO\"><\/div><input type=\"text\" name=\"g-recaptcha-hidden\" class=\"wpforms-recaptcha-hidden\" style=\"position:absolute!important;clip:rect(0,0,0,0)!important;height:1px!important;width:1px!important;border:0!important;overflow:hidden!important;padding:0!important;margin:0!important;\" required><\/div><div class=\"wpforms-submit-container\"><input type=\"hidden\" name=\"wpforms[id]\" value=\"138\"><input type=\"hidden\" name=\"wpforms[author]\" value=\"1\"><button type=\"submit\" name=\"wpforms[submit]\" id=\"wpforms-submit-138\" class=\"wpforms-submit\" data-alt-text=\"Enviando...\" data-submit-text=\"Enviar\" aria-live=\"assertive\" value=\"wpforms-submit\">Enviar<\/button><img loading=\"lazy\" decoding=\"async\" src=\"https:\/\/grupoz9.com.br\/site\/wp-content\/plugins\/wpforms-lite\/assets\/images\/submit-spin.svg\" class=\"wpforms-submit-spinner\" style=\"display: none;\" width=\"26\" height=\"26\" alt=\"\"><\/div><\/form><\/div>  <!-- .wpforms-container -->\n","protected":false},"excerpt":{"rendered":"<p>Informa\u00e7\u00f5es para contato &nbsp; Telefones: (61) 3034-4559 WhatsApp: (61) 98347-9645 Email: contato@grupoz9.com.br &nbsp; Hor\u00e1rio de atendimento &nbsp; De segunda a sexta-feira, de 8h \u00e0s 18hs &nbsp; Endere\u00e7o &nbsp; SRTVN 701 Bloco P Sala 3067 Ed. Bras\u00edlia R\u00e1dio Center, Asa Norte, Bras\u00edlia\/DF, CEP: 70.719-900<\/p>\n","protected":false},"author":1,"featured_media":0,"parent":0,"menu_order":0,"comment_status":"closed","ping_status":"closed","template":"","meta":{"cybocfi_hide_featured_image":"","footnotes":""},"class_list":["post-179","page","type-page","status-publish","hentry"],"yoast_head":"<!-- This site is optimized with the Yoast SEO plugin v20.7 - https:\/\/yoast.com\/wordpress\/plugins\/seo\/ -->\n<title>Contato - Grupo Z9<\/title>\n<meta name=\"robots\" content=\"index, follow, max-snippet:-1, max-image-preview:large, max-video-preview:-1\" \/>\n<link rel=\"canonical\" href=\"https:\/\/grupoz9.com.br\/site\/contato\/\" \/>\n<meta property=\"og:locale\" content=\"pt_BR\" \/>\n<meta property=\"og:type\" content=\"article\" \/>\n<meta property=\"og:title\" content=\"Contato - Grupo Z9\" \/>\n<meta property=\"og:description\" content=\"Informa\u00e7\u00f5es para contato &nbsp; Telefones: (61) 3034-4559 WhatsApp: (61) 98347-9645 Email: contato@grupoz9.com.br &nbsp; Hor\u00e1rio de atendimento &nbsp; De segunda a sexta-feira, de 8h \u00e0s 18hs &nbsp; Endere\u00e7o &nbsp; SRTVN 701 Bloco P Sala 3067 Ed. Bras\u00edlia R\u00e1dio Center, Asa Norte, Bras\u00edlia\/DF, CEP: 70.719-900\" \/>\n<meta property=\"og:url\" content=\"https:\/\/grupoz9.com.br\/site\/contato\/\" \/>\n<meta property=\"og:site_name\" content=\"Grupo Z9\" \/>\n<meta property=\"article:publisher\" content=\"https:\/\/www.facebook.com\/grupoz9\" \/>\n<meta property=\"article:modified_time\" content=\"2025-01-06T15:16:00+00:00\" \/>\n<meta name=\"twitter:card\" content=\"summary_large_image\" \/>\n<meta name=\"twitter:site\" content=\"@grupoz9\" \/>\n<meta name=\"twitter:label1\" content=\"Est. tempo de leitura\" \/>\n\t<meta name=\"twitter:data1\" content=\"1 minuto\" \/>\n<script type=\"application\/ld+json\" class=\"yoast-schema-graph\">{\"@context\":\"https:\/\/schema.org\",\"@graph\":[{\"@type\":\"WebPage\",\"@id\":\"https:\/\/grupoz9.com.br\/site\/contato\/\",\"url\":\"https:\/\/grupoz9.com.br\/site\/contato\/\",\"name\":\"Contato - Grupo Z9\",\"isPartOf\":{\"@id\":\"https:\/\/grupoz9.com.br\/site\/#website\"},\"datePublished\":\"2022-03-22T14:23:08+00:00\",\"dateModified\":\"2025-01-06T15:16:00+00:00\",\"breadcrumb\":{\"@id\":\"https:\/\/grupoz9.com.br\/site\/contato\/#breadcrumb\"},\"inLanguage\":\"pt-BR\",\"potentialAction\":[{\"@type\":\"ReadAction\",\"target\":[\"https:\/\/grupoz9.com.br\/site\/contato\/\"]}]},{\"@type\":\"BreadcrumbList\",\"@id\":\"https:\/\/grupoz9.com.br\/site\/contato\/#breadcrumb\",\"itemListElement\":[{\"@type\":\"ListItem\",\"position\":1,\"name\":\"In\u00edcio\",\"item\":\"https:\/\/grupoz9.com.br\/site\/\"},{\"@type\":\"ListItem\",\"position\":2,\"name\":\"Contato\"}]},{\"@type\":\"WebSite\",\"@id\":\"https:\/\/grupoz9.com.br\/site\/#website\",\"url\":\"https:\/\/grupoz9.com.br\/site\/\",\"name\":\"Grupo Z9\",\"description\":\"Consultoria e Treinamento\",\"publisher\":{\"@id\":\"https:\/\/grupoz9.com.br\/site\/#organization\"},\"potentialAction\":[{\"@type\":\"SearchAction\",\"target\":{\"@type\":\"EntryPoint\",\"urlTemplate\":\"https:\/\/grupoz9.com.br\/site\/?s={search_term_string}\"},\"query-input\":\"required name=search_term_string\"}],\"inLanguage\":\"pt-BR\"},{\"@type\":\"Organization\",\"@id\":\"https:\/\/grupoz9.com.br\/site\/#organization\",\"name\":\"Grupo Z9 Consultoria e Treinamento\",\"url\":\"https:\/\/grupoz9.com.br\/site\/\",\"logo\":{\"@type\":\"ImageObject\",\"inLanguage\":\"pt-BR\",\"@id\":\"https:\/\/grupoz9.com.br\/site\/#\/schema\/logo\/image\/\",\"url\":\"https:\/\/grupoz9.com.br\/site\/wp-content\/uploads\/2023\/09\/cropped-cropped-Logo-PAPEL-TIMBRADO-amarelo.jpg\",\"contentUrl\":\"https:\/\/grupoz9.com.br\/site\/wp-content\/uploads\/2023\/09\/cropped-cropped-Logo-PAPEL-TIMBRADO-amarelo.jpg\",\"width\":500,\"height\":133,\"caption\":\"Grupo Z9 Consultoria e Treinamento\"},\"image\":{\"@id\":\"https:\/\/grupoz9.com.br\/site\/#\/schema\/logo\/image\/\"},\"sameAs\":[\"https:\/\/www.facebook.com\/grupoz9\",\"https:\/\/twitter.com\/grupoz9\",\"https:\/\/www.instagram.com\/grupoz9\"]}]}<\/script>\n<!-- \/ Yoast SEO plugin. -->","yoast_head_json":{"title":"Contato - Grupo Z9","robots":{"index":"index","follow":"follow","max-snippet":"max-snippet:-1","max-image-preview":"max-image-preview:large","max-video-preview":"max-video-preview:-1"},"canonical":"https:\/\/grupoz9.com.br\/site\/contato\/","og_locale":"pt_BR","og_type":"article","og_title":"Contato - Grupo Z9","og_description":"Informa\u00e7\u00f5es para contato &nbsp; Telefones: (61) 3034-4559 WhatsApp: (61) 98347-9645 Email: contato@grupoz9.com.br &nbsp; Hor\u00e1rio de atendimento &nbsp; De segunda a sexta-feira, de 8h \u00e0s 18hs &nbsp; Endere\u00e7o &nbsp; SRTVN 701 Bloco P Sala 3067 Ed. Bras\u00edlia R\u00e1dio Center, Asa Norte, Bras\u00edlia\/DF, CEP: 70.719-900","og_url":"https:\/\/grupoz9.com.br\/site\/contato\/","og_site_name":"Grupo Z9","article_publisher":"https:\/\/www.facebook.com\/grupoz9","article_modified_time":"2025-01-06T15:16:00+00:00","twitter_card":"summary_large_image","twitter_site":"@grupoz9","twitter_misc":{"Est. tempo de leitura":"1 minuto"},"schema":{"@context":"https:\/\/schema.org","@graph":[{"@type":"WebPage","@id":"https:\/\/grupoz9.com.br\/site\/contato\/","url":"https:\/\/grupoz9.com.br\/site\/contato\/","name":"Contato - Grupo Z9","isPartOf":{"@id":"https:\/\/grupoz9.com.br\/site\/#website"},"datePublished":"2022-03-22T14:23:08+00:00","dateModified":"2025-01-06T15:16:00+00:00","breadcrumb":{"@id":"https:\/\/grupoz9.com.br\/site\/contato\/#breadcrumb"},"inLanguage":"pt-BR","potentialAction":[{"@type":"ReadAction","target":["https:\/\/grupoz9.com.br\/site\/contato\/"]}]},{"@type":"BreadcrumbList","@id":"https:\/\/grupoz9.com.br\/site\/contato\/#breadcrumb","itemListElement":[{"@type":"ListItem","position":1,"name":"In\u00edcio","item":"https:\/\/grupoz9.com.br\/site\/"},{"@type":"ListItem","position":2,"name":"Contato"}]},{"@type":"WebSite","@id":"https:\/\/grupoz9.com.br\/site\/#website","url":"https:\/\/grupoz9.com.br\/site\/","name":"Grupo Z9","description":"Consultoria e Treinamento","publisher":{"@id":"https:\/\/grupoz9.com.br\/site\/#organization"},"potentialAction":[{"@type":"SearchAction","target":{"@type":"EntryPoint","urlTemplate":"https:\/\/grupoz9.com.br\/site\/?s={search_term_string}"},"query-input":"required name=search_term_string"}],"inLanguage":"pt-BR"},{"@type":"Organization","@id":"https:\/\/grupoz9.com.br\/site\/#organization","name":"Grupo Z9 Consultoria e Treinamento","url":"https:\/\/grupoz9.com.br\/site\/","logo":{"@type":"ImageObject","inLanguage":"pt-BR","@id":"https:\/\/grupoz9.com.br\/site\/#\/schema\/logo\/image\/","url":"https:\/\/grupoz9.com.br\/site\/wp-content\/uploads\/2023\/09\/cropped-cropped-Logo-PAPEL-TIMBRADO-amarelo.jpg","contentUrl":"https:\/\/grupoz9.com.br\/site\/wp-content\/uploads\/2023\/09\/cropped-cropped-Logo-PAPEL-TIMBRADO-amarelo.jpg","width":500,"height":133,"caption":"Grupo Z9 Consultoria e Treinamento"},"image":{"@id":"https:\/\/grupoz9.com.br\/site\/#\/schema\/logo\/image\/"},"sameAs":["https:\/\/www.facebook.com\/grupoz9","https:\/\/twitter.com\/grupoz9","https:\/\/www.instagram.com\/grupoz9"]}]}},"_links":{"self":[{"href":"https:\/\/grupoz9.com.br\/site\/wp-json\/wp\/v2\/pages\/179","targetHints":{"allow":["GET"]}}],"collection":[{"href":"https:\/\/grupoz9.com.br\/site\/wp-json\/wp\/v2\/pages"}],"about":[{"href":"https:\/\/grupoz9.com.br\/site\/wp-json\/wp\/v2\/types\/page"}],"author":[{"embeddable":true,"href":"https:\/\/grupoz9.com.br\/site\/wp-json\/wp\/v2\/users\/1"}],"replies":[{"embeddable":true,"href":"https:\/\/grupoz9.com.br\/site\/wp-json\/wp\/v2\/comments?post=179"}],"version-history":[{"count":13,"href":"https:\/\/grupoz9.com.br\/site\/wp-json\/wp\/v2\/pages\/179\/revisions"}],"predecessor-version":[{"id":1856,"href":"https:\/\/grupoz9.com.br\/site\/wp-json\/wp\/v2\/pages\/179\/revisions\/1856"}],"wp:attachment":[{"href":"https:\/\/grupoz9.com.br\/site\/wp-json\/wp\/v2\/media?parent=179"}],"curies":[{"name":"wp","href":"https:\/\/api.w.org\/{rel}","templated":true}]}}