{"id":1226,"date":"2023-05-03T12:58:33","date_gmt":"2023-05-03T15:58:33","guid":{"rendered":"https:\/\/grupoz9.com.br\/site\/?page_id=1226"},"modified":"2023-05-03T13:08:49","modified_gmt":"2023-05-03T16:08:49","slug":"missao-visao-e-valores","status":"publish","type":"page","link":"https:\/\/grupoz9.com.br\/site\/missao-visao-e-valores\/","title":{"rendered":"Miss\u00e3o, Vis\u00e3o e Valores"},"content":{"rendered":"<div>\n<p><strong>MISS\u00c3O<\/strong><\/p>\n<p>Promover o aperfei\u00e7oamento de pessoas e organiza\u00e7\u00f5es, a difus\u00e3o do conhecimento e contribuir para a evolu\u00e7\u00e3o da qualidade nas organiza\u00e7\u00f5es p\u00fablicas e privadas.<\/p>\n<p>&nbsp;<\/p>\n<p><strong>VIS\u00c3O<\/strong><\/p>\n<p>Ser uma empresa reconhecida pela qualidade no atendimento e na entrega de servi\u00e7os aos seus clientes e pela dissemina\u00e7\u00e3o de conhecimento.<\/p>\n<p>&nbsp;<\/p>\n<p><strong>VALORES<\/strong><\/p>\n<p><strong>O<\/strong> <strong>respeito<\/strong> a todas as pessoas e a contribui\u00e7\u00e3o com os interesses da sociedade. <strong>A moralidade<\/strong>, que representa normas de conduta como a justi\u00e7a, o respeito e a responsabilidade social a serem seguidas pelos colaboradores. <strong>A integridade<\/strong>, que representa a conduta coerente, leal, baseada na moralidade, na virtude e na \u00e9tica.<\/p>\n<p><strong>O comprometimento profissional<\/strong>, que \u00e9 agir com responsabilidade funcional para com os seus clientes e parceiros. E a <strong>compet\u00eancia<\/strong>, que consiste em desempenhar as atividades com a t\u00e9cnica necess\u00e1ria a um eficiente e efetivo resultado final.<\/p>\n<p>&nbsp;<\/p>\n<p><strong>SOBRE A EMPRESA<\/strong><\/p>\n<p>O Grupo Z9 nasceu, no ano de 2013, com o objetivo de criar e realizar eventos focados em educa\u00e7\u00e3o corporativa e desenvolvimento empresarial.<\/p>\n<p>Os eventos planejados e executados pela empresa caracterizam-se pela originalidade, excel\u00eancia e, principalmente, por resultados positivos \u00e0queles que a veem como parceira.<\/p>\n<p>Somos uma empresa, que entra no segmento de palestras, cursos e treinamentos, com o firme prop\u00f3sito de nos colocarmos rapidamente entre os l\u00edderes do mercado.<\/p>\n<p>Contamos, para isso, com profissionais, palestrantes e instrutores rigorosamente selecionados e material did\u00e1tico, da mais alta qualidade, e pre\u00e7os altamente convidativos.<\/p>\n<p>E tudo isso, complementado por um eficiente servi\u00e7o de assessoria e continuidade ap\u00f3s todos os nossos eventos.<\/p>\n<p><strong><br \/>\nEMPRESA<\/strong><\/p>\n<p>Com uma equipe especializada, o Grupo Z9 oferece a voc\u00ea cursos especializados com instrutores altamente capacitados e material did\u00e1tico atualizado, de acordo com a legisla\u00e7\u00e3o atual. Visamos realizar sonhos e cultivar a cidadania atrav\u00e9s da atualiza\u00e7\u00e3o profissional<\/p>\n<p>O Grupo Z9 \u00e9 fruto da experi\u00eancia de seus s\u00f3cios e colaboradores. Nossa miss\u00e3o \u00e9 fornecer conte\u00fado com qualidade e objetividade, dispondo dos melhores instrutores, gerando assim um excelente custo X benef\u00edcio para nossos clientes.<\/p>\n<p><strong><br \/>\nTREINAMENTO QUALIFICADO<\/strong><\/p>\n<p>Qualificar o profissional tem sido cada vez mais o caminho de muitas empresas para aumentar a efici\u00eancia do atendimento aos clientes. Podemos customizar treinamentos para atender as suas necessidades espec\u00edficas, seja ele um departamento de contabilidade ou o Conselho de Diretores.<\/p>\n<p>O treinamento \u00e9 fundamental para que profissionais de diversos ramos mantenham-se atualizados tanto com as regulamenta\u00e7\u00f5es existentes como com as novas. O treinamento anual tamb\u00e9m pode ser uma exig\u00eancia regulat\u00f3ria. Uma equipe destreinada ou mal treinada representa um risco significativo para qualquer empresa.<\/p>\n<p>Oferecer servi\u00e7os e solu\u00e7\u00f5es que auxiliem os clientes a planejar, construir e melhorar processos e sistemas de informa\u00e7\u00e3o \u00e9 nossa miss\u00e3o.<\/p>\n<p><strong><br \/>\nINTEGRA\u00c7\u00c3O TOTAL<\/strong><\/p>\n<p>Nossos eventos oferecem integra\u00e7\u00e3o total ap\u00f3s o t\u00e9rmino dos mesmos.<\/p>\n<p>Dispomos de solu\u00e7\u00f5es conjuntas com nossos instrutores para propiciar discuss\u00f5es online dos temas abordados, mesmo ap\u00f3s o t\u00e9rmino do evento.<\/p>\n<p>Nossos clientes n\u00e3o s\u00e3o apenas n\u00fameros para n\u00f3s, eles se tornam parceiros de relacionamento, criando um v\u00ednculo duradouro que propicia uma experi\u00eancia inovadora na forma de oferecer servi\u00e7os no mercado, cada vez mais voraz e competitivo como o nosso.<\/p>\n<p><strong><br \/>\nSUPORTE AVAN\u00c7ADO AO CLIENTE<\/strong><\/p>\n<p>Com uma equipe altamente treinada e uma excelente plataforma online, nosso cliente sempre que necess\u00e1rio, ter\u00e1 um atendimento avan\u00e7ado e exclusivo.<\/p>\n<p>O <strong>Grupo Z9, fundado em 2013<\/strong> adquiriu em 2019, os ativos e o know-how da <strong>Privilegium Cursos <\/strong>e da<strong> Prime Treinamentos, fundada em 2010,<\/strong> que uniram todo seu conhecimento e expertise para fornecer uma melhor qualidade na presta\u00e7\u00e3o de seus servi\u00e7os a todos os seus clientes. Com o seu corpo de Instrutores Especializados, trazem conhecimento e aperfei\u00e7oamento t\u00e9cnico aos profissionais que assistem aos seus treinamentos, alcan\u00e7ando o seu objetivo, que \u00e9 capacit\u00e1-los por meio de estudos e exerc\u00edcios direcionados.<\/p>\n<p><strong><br \/>\nCLIENTES<\/strong><\/p>\n<p>Conhe\u00e7a alguns de nossos principais clientes:<\/p>\n<p>TRE-MA<\/p>\n<p>TRE-CE<\/p>\n<p>CORREIOS<\/p>\n<p>MINIST\u00c9RIO DO PLANEJAMENTO<\/p>\n<p>BRB \u2013 BANCO DE BRAS\u00cdLIA<\/p>\n<p>STJ<\/p>\n<p>TST<\/p>\n<p>MINIST\u00c9RIO DAS COMUNICA\u00c7\u00d5ES<\/p>\n<p>BANCO CENTRAL DO BRASIL<\/p>\n<p>&nbsp;<\/p>\n<p><strong>Somos cadastrados no SICAF.<\/strong><\/p>\n<\/div>\n","protected":false},"excerpt":{"rendered":"<p>MISS\u00c3O Promover o aperfei\u00e7oamento de pessoas e organiza\u00e7\u00f5es, a difus\u00e3o do conhecimento e contribuir para a evolu\u00e7\u00e3o da qualidade nas organiza\u00e7\u00f5es p\u00fablicas e privadas. &nbsp; VIS\u00c3O Ser uma empresa reconhecida pela qualidade no atendimento e na entrega de servi\u00e7os aos seus clientes e pela dissemina\u00e7\u00e3o de conhecimento. &nbsp; VALORES O respeito a todas as pessoas [&hellip;]<\/p>\n","protected":false},"author":1,"featured_media":0,"parent":0,"menu_order":0,"comment_status":"closed","ping_status":"closed","template":"","meta":{"cybocfi_hide_featured_image":"","footnotes":""},"class_list":["post-1226","page","type-page","status-publish","hentry"],"yoast_head":"<!-- This site is optimized with the Yoast SEO plugin v20.7 - https:\/\/yoast.com\/wordpress\/plugins\/seo\/ -->\n<title>Miss\u00e3o, Vis\u00e3o e Valores - Grupo Z9<\/title>\n<meta name=\"robots\" content=\"index, follow, max-snippet:-1, max-image-preview:large, max-video-preview:-1\" \/>\n<link rel=\"canonical\" href=\"https:\/\/grupoz9.com.br\/site\/missao-visao-e-valores\/\" \/>\n<meta property=\"og:locale\" content=\"pt_BR\" \/>\n<meta property=\"og:type\" content=\"article\" \/>\n<meta property=\"og:title\" content=\"Miss\u00e3o, Vis\u00e3o e Valores - Grupo Z9\" \/>\n<meta property=\"og:description\" content=\"MISS\u00c3O Promover o aperfei\u00e7oamento de pessoas e organiza\u00e7\u00f5es, a difus\u00e3o do conhecimento e contribuir para a evolu\u00e7\u00e3o da qualidade nas organiza\u00e7\u00f5es p\u00fablicas e privadas. &nbsp; VIS\u00c3O Ser uma empresa reconhecida pela qualidade no atendimento e na entrega de servi\u00e7os aos seus clientes e pela dissemina\u00e7\u00e3o de conhecimento. &nbsp; VALORES O respeito a todas as pessoas [&hellip;]\" \/>\n<meta property=\"og:url\" content=\"https:\/\/grupoz9.com.br\/site\/missao-visao-e-valores\/\" \/>\n<meta property=\"og:site_name\" content=\"Grupo Z9\" \/>\n<meta property=\"article:publisher\" content=\"https:\/\/www.facebook.com\/grupoz9\" \/>\n<meta property=\"article:modified_time\" content=\"2023-05-03T16:08:49+00:00\" \/>\n<meta name=\"twitter:card\" content=\"summary_large_image\" \/>\n<meta name=\"twitter:site\" content=\"@grupoz9\" \/>\n<meta name=\"twitter:label1\" content=\"Est. tempo de leitura\" \/>\n\t<meta name=\"twitter:data1\" content=\"3 minutos\" \/>\n<script type=\"application\/ld+json\" class=\"yoast-schema-graph\">{\"@context\":\"https:\/\/schema.org\",\"@graph\":[{\"@type\":\"WebPage\",\"@id\":\"https:\/\/grupoz9.com.br\/site\/missao-visao-e-valores\/\",\"url\":\"https:\/\/grupoz9.com.br\/site\/missao-visao-e-valores\/\",\"name\":\"Miss\u00e3o, Vis\u00e3o e Valores - Grupo Z9\",\"isPartOf\":{\"@id\":\"https:\/\/grupoz9.com.br\/site\/#website\"},\"datePublished\":\"2023-05-03T15:58:33+00:00\",\"dateModified\":\"2023-05-03T16:08:49+00:00\",\"breadcrumb\":{\"@id\":\"https:\/\/grupoz9.com.br\/site\/missao-visao-e-valores\/#breadcrumb\"},\"inLanguage\":\"pt-BR\",\"potentialAction\":[{\"@type\":\"ReadAction\",\"target\":[\"https:\/\/grupoz9.com.br\/site\/missao-visao-e-valores\/\"]}]},{\"@type\":\"BreadcrumbList\",\"@id\":\"https:\/\/grupoz9.com.br\/site\/missao-visao-e-valores\/#breadcrumb\",\"itemListElement\":[{\"@type\":\"ListItem\",\"position\":1,\"name\":\"In\u00edcio\",\"item\":\"https:\/\/grupoz9.com.br\/site\/\"},{\"@type\":\"ListItem\",\"position\":2,\"name\":\"Miss\u00e3o, Vis\u00e3o e Valores\"}]},{\"@type\":\"WebSite\",\"@id\":\"https:\/\/grupoz9.com.br\/site\/#website\",\"url\":\"https:\/\/grupoz9.com.br\/site\/\",\"name\":\"Grupo Z9\",\"description\":\"Consultoria e Treinamento\",\"publisher\":{\"@id\":\"https:\/\/grupoz9.com.br\/site\/#organization\"},\"potentialAction\":[{\"@type\":\"SearchAction\",\"target\":{\"@type\":\"EntryPoint\",\"urlTemplate\":\"https:\/\/grupoz9.com.br\/site\/?s={search_term_string}\"},\"query-input\":\"required name=search_term_string\"}],\"inLanguage\":\"pt-BR\"},{\"@type\":\"Organization\",\"@id\":\"https:\/\/grupoz9.com.br\/site\/#organization\",\"name\":\"Grupo Z9 Consultoria e Treinamento\",\"url\":\"https:\/\/grupoz9.com.br\/site\/\",\"logo\":{\"@type\":\"ImageObject\",\"inLanguage\":\"pt-BR\",\"@id\":\"https:\/\/grupoz9.com.br\/site\/#\/schema\/logo\/image\/\",\"url\":\"https:\/\/grupoz9.com.br\/site\/wp-content\/uploads\/2023\/09\/cropped-cropped-Logo-PAPEL-TIMBRADO-amarelo.jpg\",\"contentUrl\":\"https:\/\/grupoz9.com.br\/site\/wp-content\/uploads\/2023\/09\/cropped-cropped-Logo-PAPEL-TIMBRADO-amarelo.jpg\",\"width\":500,\"height\":133,\"caption\":\"Grupo Z9 Consultoria e Treinamento\"},\"image\":{\"@id\":\"https:\/\/grupoz9.com.br\/site\/#\/schema\/logo\/image\/\"},\"sameAs\":[\"https:\/\/www.facebook.com\/grupoz9\",\"https:\/\/twitter.com\/grupoz9\",\"https:\/\/www.instagram.com\/grupoz9\"]}]}<\/script>\n<!-- \/ Yoast SEO plugin. -->","yoast_head_json":{"title":"Miss\u00e3o, Vis\u00e3o e Valores - Grupo Z9","robots":{"index":"index","follow":"follow","max-snippet":"max-snippet:-1","max-image-preview":"max-image-preview:large","max-video-preview":"max-video-preview:-1"},"canonical":"https:\/\/grupoz9.com.br\/site\/missao-visao-e-valores\/","og_locale":"pt_BR","og_type":"article","og_title":"Miss\u00e3o, Vis\u00e3o e Valores - Grupo Z9","og_description":"MISS\u00c3O Promover o aperfei\u00e7oamento de pessoas e organiza\u00e7\u00f5es, a difus\u00e3o do conhecimento e contribuir para a evolu\u00e7\u00e3o da qualidade nas organiza\u00e7\u00f5es p\u00fablicas e privadas. &nbsp; VIS\u00c3O Ser uma empresa reconhecida pela qualidade no atendimento e na entrega de servi\u00e7os aos seus clientes e pela dissemina\u00e7\u00e3o de conhecimento. &nbsp; VALORES O respeito a todas as pessoas [&hellip;]","og_url":"https:\/\/grupoz9.com.br\/site\/missao-visao-e-valores\/","og_site_name":"Grupo Z9","article_publisher":"https:\/\/www.facebook.com\/grupoz9","article_modified_time":"2023-05-03T16:08:49+00:00","twitter_card":"summary_large_image","twitter_site":"@grupoz9","twitter_misc":{"Est. tempo de leitura":"3 minutos"},"schema":{"@context":"https:\/\/schema.org","@graph":[{"@type":"WebPage","@id":"https:\/\/grupoz9.com.br\/site\/missao-visao-e-valores\/","url":"https:\/\/grupoz9.com.br\/site\/missao-visao-e-valores\/","name":"Miss\u00e3o, Vis\u00e3o e Valores - Grupo Z9","isPartOf":{"@id":"https:\/\/grupoz9.com.br\/site\/#website"},"datePublished":"2023-05-03T15:58:33+00:00","dateModified":"2023-05-03T16:08:49+00:00","breadcrumb":{"@id":"https:\/\/grupoz9.com.br\/site\/missao-visao-e-valores\/#breadcrumb"},"inLanguage":"pt-BR","potentialAction":[{"@type":"ReadAction","target":["https:\/\/grupoz9.com.br\/site\/missao-visao-e-valores\/"]}]},{"@type":"BreadcrumbList","@id":"https:\/\/grupoz9.com.br\/site\/missao-visao-e-valores\/#breadcrumb","itemListElement":[{"@type":"ListItem","position":1,"name":"In\u00edcio","item":"https:\/\/grupoz9.com.br\/site\/"},{"@type":"ListItem","position":2,"name":"Miss\u00e3o, Vis\u00e3o e Valores"}]},{"@type":"WebSite","@id":"https:\/\/grupoz9.com.br\/site\/#website","url":"https:\/\/grupoz9.com.br\/site\/","name":"Grupo Z9","description":"Consultoria e Treinamento","publisher":{"@id":"https:\/\/grupoz9.com.br\/site\/#organization"},"potentialAction":[{"@type":"SearchAction","target":{"@type":"EntryPoint","urlTemplate":"https:\/\/grupoz9.com.br\/site\/?s={search_term_string}"},"query-input":"required name=search_term_string"}],"inLanguage":"pt-BR"},{"@type":"Organization","@id":"https:\/\/grupoz9.com.br\/site\/#organization","name":"Grupo Z9 Consultoria e Treinamento","url":"https:\/\/grupoz9.com.br\/site\/","logo":{"@type":"ImageObject","inLanguage":"pt-BR","@id":"https:\/\/grupoz9.com.br\/site\/#\/schema\/logo\/image\/","url":"https:\/\/grupoz9.com.br\/site\/wp-content\/uploads\/2023\/09\/cropped-cropped-Logo-PAPEL-TIMBRADO-amarelo.jpg","contentUrl":"https:\/\/grupoz9.com.br\/site\/wp-content\/uploads\/2023\/09\/cropped-cropped-Logo-PAPEL-TIMBRADO-amarelo.jpg","width":500,"height":133,"caption":"Grupo Z9 Consultoria e Treinamento"},"image":{"@id":"https:\/\/grupoz9.com.br\/site\/#\/schema\/logo\/image\/"},"sameAs":["https:\/\/www.facebook.com\/grupoz9","https:\/\/twitter.com\/grupoz9","https:\/\/www.instagram.com\/grupoz9"]}]}},"_links":{"self":[{"href":"https:\/\/grupoz9.com.br\/site\/wp-json\/wp\/v2\/pages\/1226","targetHints":{"allow":["GET"]}}],"collection":[{"href":"https:\/\/grupoz9.com.br\/site\/wp-json\/wp\/v2\/pages"}],"about":[{"href":"https:\/\/grupoz9.com.br\/site\/wp-json\/wp\/v2\/types\/page"}],"author":[{"embeddable":true,"href":"https:\/\/grupoz9.com.br\/site\/wp-json\/wp\/v2\/users\/1"}],"replies":[{"embeddable":true,"href":"https:\/\/grupoz9.com.br\/site\/wp-json\/wp\/v2\/comments?post=1226"}],"version-history":[{"count":2,"href":"https:\/\/grupoz9.com.br\/site\/wp-json\/wp\/v2\/pages\/1226\/revisions"}],"predecessor-version":[{"id":1231,"href":"https:\/\/grupoz9.com.br\/site\/wp-json\/wp\/v2\/pages\/1226\/revisions\/1231"}],"wp:attachment":[{"href":"https:\/\/grupoz9.com.br\/site\/wp-json\/wp\/v2\/media?parent=1226"}],"curies":[{"name":"wp","href":"https:\/\/api.w.org\/{rel}","templated":true}]}}